{"id":72856,"date":"2022-06-19T13:35:45","date_gmt":"2022-06-19T11:35:45","guid":{"rendered":"https:\/\/www.ischebeck.de\/impressum\/"},"modified":"2025-01-14T16:16:35","modified_gmt":"2025-01-14T15:16:35","slug":"impronta","status":"publish","type":"page","link":"https:\/\/www.ischebeck.de\/it\/impronta\/","title":{"rendered":"Impronta"},"content":{"rendered":"<div class=\"wpb-content-wrapper\"><p>[vc_section full_width=&#8221;stretch_row&#8221;][vc_row][vc_column]\n\n<h1 \n     \n    class=\"headline-single  text_decoration\"\n    >\n    <strong>Impronta<\/strong>\n    <\/h1>\n\n[vc_column_text]<strong>FRIEDR. ISCHEBECK GmbH<br \/>\n<\/strong>Loher Stra\u00dfe 31- 79<br \/>\n58256 Ennepetal<br \/>\nGermania<\/p>\n<p><strong>Telefono<\/strong>: + 49 2333 8305-0<br \/>\n<strong>Fax<\/strong>: + 49 2333 8305-55<br \/>\n<strong>Internet<\/strong>: <a href=\"https:\/\/www.ischebeck.de\/it\/\">www.ischebeck.de<\/a><\/p>\n<p><strong>Amministratori delegati<\/strong><br \/>\nDipl.Wi.-Ing. Bj\u00f6rn Ischebeck<br \/>\nDr. jur. Lars Ischebeck<\/p>\n<p style=\"font-weight: 400;\"><strong>Tribunale del registro:<\/strong> Tribunale locale di Hagen HRB 5585<br \/>\n<strong>Numero di identificazione dell&#8217;imposta sulle vendite:<\/strong> DE 811161225<\/p>\n<p><strong>Responsabile dei contenuti ai sensi del \u00a7 6 MDStV:<\/strong> Dipl. Wi.-Ing. Bj\u00f6rn Ischebeck<\/p>\n<p style=\"font-weight: 400;\"><strong>Fornitura di dati e informazioni generali:<br \/>\n<\/strong>Il FRIEDR. ISCHEBECK GMBH si adopera per garantire l&#8217;esattezza delle informazioni e dei dati contenuti in questo sito web. Tuttavia, FRIEDR. ISCHEBECK GMBH non si assume alcuna responsabilit\u00e0 o garanzia per l&#8217;attualit\u00e0, la correttezza e la completezza delle informazioni e dei dati forniti. Ci\u00f2 vale anche per tutti gli altri siti web a cui si fa riferimento tramite un collegamento ipertestuale. La FRIEDR. ISCHEBECK GMBH non \u00e8 inoltre responsabile del contenuto di tali siti web che vengono raggiunti tramite tale link. FRIEDR. ISCHEBECK GMBH si riserva il diritto di apportare modifiche o integrazioni alle informazioni o ai dati forniti senza preavviso.<\/p>\n<p><strong>Copyright:<\/strong><br \/>\nIl contenuto del sito web di FRIEDR. ISCHEBECK GMBH \u00e8 protetto da copyright. La riproduzione di informazioni o dati, in particolare l&#8217;utilizzo di testi, parti di testi o immagini, richiede il preventivo consenso di FRIEDR. ISCHEBECK GMBH.<\/p>\n<p>Nella misura in cui i contenuti di questo sito non sono stati creati dal gestore, vengono rispettati i diritti d&#8217;autore di terzi. In particolare, i contenuti di terzi sono identificati come tali. Se tuttavia doveste venire a conoscenza di una violazione del copyright, vi preghiamo di informarci. Qualora venissimo a conoscenza di violazioni, provvederemo a rimuovere immediatamente tali contenuti.[\/vc_column_text][\/vc_column][\/vc_row][\/vc_section]<\/p>\n<\/div>","protected":false},"excerpt":{"rendered":"<p>FRIEDR. ISCHEBECK GmbH Loher Stra\u00dfe 31- 79 58256 Ennepetal Germania Telefono: + 49 2333 8305-0 Fax: + 49 2333 8305-55 Internet: www.ischebeck.de Amministratori delegati Dipl.Wi.-Ing. Bj\u00f6rn Ischebeck [&#8230;]<\/p>\n","protected":false},"author":1,"featured_media":0,"parent":0,"menu_order":0,"comment_status":"closed","ping_status":"closed","template":"","meta":{"_acf_changed":false,"footnotes":""},"class_list":["post-72856","page","type-page","status-publish","hentry"],"acf":[],"yoast_head":"<!-- This site is optimized with the Yoast SEO plugin v26.4 - https:\/\/yoast.com\/wordpress\/plugins\/seo\/ -->\n<title>Impressum<\/title>\n<meta name=\"robots\" content=\"index, follow, max-snippet:-1, max-image-preview:large, max-video-preview:-1\" \/>\n<link rel=\"canonical\" href=\"https:\/\/www.ischebeck.de\/it\/impronta\/\" \/>\n<meta property=\"og:locale\" content=\"it_IT\" \/>\n<meta property=\"og:type\" content=\"article\" \/>\n<meta property=\"og:title\" content=\"Impressum\" \/>\n<meta property=\"og:description\" content=\"FRIEDR. ISCHEBECK GmbH Loher Stra\u00dfe 31- 79 58256 Ennepetal Germania Telefono: + 49 2333 8305-0 Fax: + 49 2333 8305-55 Internet: www.ischebeck.de Amministratori delegati Dipl.Wi.-Ing. Bj\u00f6rn Ischebeck [...]\" \/>\n<meta property=\"og:url\" content=\"https:\/\/www.ischebeck.de\/it\/impronta\/\" \/>\n<meta property=\"og:site_name\" content=\"ISCHEBECK TITAN\" \/>\n<meta property=\"article:modified_time\" content=\"2025-01-14T15:16:35+00:00\" \/>\n<meta name=\"twitter:card\" content=\"summary_large_image\" \/>\n<meta name=\"twitter:label1\" content=\"Tempo di lettura stimato\" \/>\n\t<meta name=\"twitter:data1\" content=\"2 minuti\" \/>\n<script type=\"application\/ld+json\" class=\"yoast-schema-graph\">{\"@context\":\"https:\/\/schema.org\",\"@graph\":[{\"@type\":\"WebPage\",\"@id\":\"https:\/\/www.ischebeck.de\/it\/impronta\/\",\"url\":\"https:\/\/www.ischebeck.de\/it\/impronta\/\",\"name\":\"Impressum\",\"isPartOf\":{\"@id\":\"https:\/\/www.ischebeck.de\/it\/#website\"},\"datePublished\":\"2022-06-19T11:35:45+00:00\",\"dateModified\":\"2025-01-14T15:16:35+00:00\",\"breadcrumb\":{\"@id\":\"https:\/\/www.ischebeck.de\/it\/impronta\/#breadcrumb\"},\"inLanguage\":\"it-IT\",\"potentialAction\":[{\"@type\":\"ReadAction\",\"target\":[\"https:\/\/www.ischebeck.de\/it\/impronta\/\"]}]},{\"@type\":\"BreadcrumbList\",\"@id\":\"https:\/\/www.ischebeck.de\/it\/impronta\/#breadcrumb\",\"itemListElement\":[{\"@type\":\"ListItem\",\"position\":1,\"name\":\"Startseite\",\"item\":\"https:\/\/www.ischebeck.de\/it\/\"},{\"@type\":\"ListItem\",\"position\":2,\"name\":\"Impronta\"}]},{\"@type\":\"WebSite\",\"@id\":\"https:\/\/www.ischebeck.de\/it\/#website\",\"url\":\"https:\/\/www.ischebeck.de\/it\/\",\"name\":\"ISCHEBECK TITAN\",\"description\":\"National und international f\u00fchrender Hersteller von Produkten f\u00fcr die Baubranche\",\"publisher\":{\"@id\":\"https:\/\/www.ischebeck.de\/it\/#organization\"},\"potentialAction\":[{\"@type\":\"SearchAction\",\"target\":{\"@type\":\"EntryPoint\",\"urlTemplate\":\"https:\/\/www.ischebeck.de\/it\/?s={search_term_string}\"},\"query-input\":{\"@type\":\"PropertyValueSpecification\",\"valueRequired\":true,\"valueName\":\"search_term_string\"}}],\"inLanguage\":\"it-IT\"},{\"@type\":\"Organization\",\"@id\":\"https:\/\/www.ischebeck.de\/it\/#organization\",\"name\":\"FRIEDR. ISCHEBECK GMBH\",\"url\":\"https:\/\/www.ischebeck.de\/it\/\",\"logo\":{\"@type\":\"ImageObject\",\"inLanguage\":\"it-IT\",\"@id\":\"https:\/\/www.ischebeck.de\/it\/#\/schema\/logo\/image\/\",\"url\":\"https:\/\/www.ischebeck.de\/wp-content\/uploads\/2022\/07\/ischebecklogo.png\",\"contentUrl\":\"https:\/\/www.ischebeck.de\/wp-content\/uploads\/2022\/07\/ischebecklogo.png\",\"width\":630,\"height\":235,\"caption\":\"FRIEDR. ISCHEBECK GMBH\"},\"image\":{\"@id\":\"https:\/\/www.ischebeck.de\/it\/#\/schema\/logo\/image\/\"},\"sameAs\":[\"https:\/\/www.youtube.com\/channel\/UCWC7NNXogZGJPs-bxuk7C8A\",\"https:\/\/www.linkedin.com\/company\/friedr.-ischebeck-gmbh\"]}]}<\/script>\n<!-- \/ Yoast SEO plugin. -->","yoast_head_json":{"title":"Impressum","robots":{"index":"index","follow":"follow","max-snippet":"max-snippet:-1","max-image-preview":"max-image-preview:large","max-video-preview":"max-video-preview:-1"},"canonical":"https:\/\/www.ischebeck.de\/it\/impronta\/","og_locale":"it_IT","og_type":"article","og_title":"Impressum","og_description":"FRIEDR. ISCHEBECK GmbH Loher Stra\u00dfe 31- 79 58256 Ennepetal Germania Telefono: + 49 2333 8305-0 Fax: + 49 2333 8305-55 Internet: www.ischebeck.de Amministratori delegati Dipl.Wi.-Ing. Bj\u00f6rn Ischebeck [...]","og_url":"https:\/\/www.ischebeck.de\/it\/impronta\/","og_site_name":"ISCHEBECK TITAN","article_modified_time":"2025-01-14T15:16:35+00:00","twitter_card":"summary_large_image","twitter_misc":{"Tempo di lettura stimato":"2 minuti"},"schema":{"@context":"https:\/\/schema.org","@graph":[{"@type":"WebPage","@id":"https:\/\/www.ischebeck.de\/it\/impronta\/","url":"https:\/\/www.ischebeck.de\/it\/impronta\/","name":"Impressum","isPartOf":{"@id":"https:\/\/www.ischebeck.de\/it\/#website"},"datePublished":"2022-06-19T11:35:45+00:00","dateModified":"2025-01-14T15:16:35+00:00","breadcrumb":{"@id":"https:\/\/www.ischebeck.de\/it\/impronta\/#breadcrumb"},"inLanguage":"it-IT","potentialAction":[{"@type":"ReadAction","target":["https:\/\/www.ischebeck.de\/it\/impronta\/"]}]},{"@type":"BreadcrumbList","@id":"https:\/\/www.ischebeck.de\/it\/impronta\/#breadcrumb","itemListElement":[{"@type":"ListItem","position":1,"name":"Startseite","item":"https:\/\/www.ischebeck.de\/it\/"},{"@type":"ListItem","position":2,"name":"Impronta"}]},{"@type":"WebSite","@id":"https:\/\/www.ischebeck.de\/it\/#website","url":"https:\/\/www.ischebeck.de\/it\/","name":"ISCHEBECK TITAN","description":"National und international f\u00fchrender Hersteller von Produkten f\u00fcr die Baubranche","publisher":{"@id":"https:\/\/www.ischebeck.de\/it\/#organization"},"potentialAction":[{"@type":"SearchAction","target":{"@type":"EntryPoint","urlTemplate":"https:\/\/www.ischebeck.de\/it\/?s={search_term_string}"},"query-input":{"@type":"PropertyValueSpecification","valueRequired":true,"valueName":"search_term_string"}}],"inLanguage":"it-IT"},{"@type":"Organization","@id":"https:\/\/www.ischebeck.de\/it\/#organization","name":"FRIEDR. ISCHEBECK GMBH","url":"https:\/\/www.ischebeck.de\/it\/","logo":{"@type":"ImageObject","inLanguage":"it-IT","@id":"https:\/\/www.ischebeck.de\/it\/#\/schema\/logo\/image\/","url":"https:\/\/www.ischebeck.de\/wp-content\/uploads\/2022\/07\/ischebecklogo.png","contentUrl":"https:\/\/www.ischebeck.de\/wp-content\/uploads\/2022\/07\/ischebecklogo.png","width":630,"height":235,"caption":"FRIEDR. ISCHEBECK GMBH"},"image":{"@id":"https:\/\/www.ischebeck.de\/it\/#\/schema\/logo\/image\/"},"sameAs":["https:\/\/www.youtube.com\/channel\/UCWC7NNXogZGJPs-bxuk7C8A","https:\/\/www.linkedin.com\/company\/friedr.-ischebeck-gmbh"]}]}},"_links":{"self":[{"href":"https:\/\/www.ischebeck.de\/it\/wp-json\/wp\/v2\/pages\/72856","targetHints":{"allow":["GET"]}}],"collection":[{"href":"https:\/\/www.ischebeck.de\/it\/wp-json\/wp\/v2\/pages"}],"about":[{"href":"https:\/\/www.ischebeck.de\/it\/wp-json\/wp\/v2\/types\/page"}],"author":[{"embeddable":true,"href":"https:\/\/www.ischebeck.de\/it\/wp-json\/wp\/v2\/users\/1"}],"replies":[{"embeddable":true,"href":"https:\/\/www.ischebeck.de\/it\/wp-json\/wp\/v2\/comments?post=72856"}],"version-history":[{"count":6,"href":"https:\/\/www.ischebeck.de\/it\/wp-json\/wp\/v2\/pages\/72856\/revisions"}],"predecessor-version":[{"id":12925773,"href":"https:\/\/www.ischebeck.de\/it\/wp-json\/wp\/v2\/pages\/72856\/revisions\/12925773"}],"wp:attachment":[{"href":"https:\/\/www.ischebeck.de\/it\/wp-json\/wp\/v2\/media?parent=72856"}],"curies":[{"name":"wp","href":"https:\/\/api.w.org\/{rel}","templated":true}]}}